{"id":202,"date":"2025-12-29T12:11:34","date_gmt":"2025-12-29T12:11:34","guid":{"rendered":"https:\/\/fightnews.bestin.media\/?page_id=202"},"modified":"2025-12-29T12:13:30","modified_gmt":"2025-12-29T12:13:30","slug":"strefa-fana","status":"publish","type":"page","link":"https:\/\/fightnews.bestin.media\/index.php\/strefa-fana\/","title":{"rendered":"Strefa Fana"},"content":{"rendered":"\t\t<div data-elementor-type=\"wp-page\" data-elementor-id=\"202\" class=\"elementor elementor-202\" data-elementor-post-type=\"page\">\n\t\t\t\t<div class=\"elementor-element elementor-element-409eb68 e-flex e-con-boxed e-con e-parent\" data-id=\"409eb68\" data-element_type=\"container\">\n\t\t\t\t\t<div class=\"e-con-inner\">\n\t\t\t\t<div class=\"elementor-element elementor-element-c8ef6e4 elementor-widget elementor-widget-heading\" data-id=\"c8ef6e4\" data-element_type=\"widget\" data-widget_type=\"heading.default\">\n\t\t\t\t\t<h2 class=\"elementor-heading-title elementor-size-default\">Strefa Fana<\/h2>\t\t\t\t<\/div>\n\t\t\t\t\t<\/div>\n\t\t\t\t<\/div>\n\t\t<div class=\"elementor-element elementor-element-49bba81 e-flex e-con-boxed e-con e-parent\" data-id=\"49bba81\" data-element_type=\"container\">\n\t\t\t\t\t<div class=\"e-con-inner\">\n\t\t\t\t<div class=\"elementor-element elementor-element-846960f elementor-widget elementor-widget-text-editor\" data-id=\"846960f\" data-element_type=\"widget\" data-widget_type=\"text-editor.default\">\n\t\t\t\t\t\t\t\t\t<p class=\"my-2 [&amp;+p]:mt-4 [&amp;_strong:has(+br)]:inline-block [&amp;_strong:has(+br)]:pb-2\">Strefa Fana to wi\u0119cej ni\u017c kolejna sekcja na naszym portalu. To przestrze\u0144, gdzie pasja spotyka si\u0119 z profesjonalizmem, a g\u0142os ka\u017cdego kibica zyskuje realne znaczenie. Tworzymy miejsce, w kt\u00f3rym fani MMA, boksu i wszystkich sport\u00f3w walki mog\u0105 aktywnie kszta\u0142towa\u0107 rzeczywisto\u015b\u0107 swojej ulubionej dyscypliny.<\/p><h2 class=\"mb-2 mt-4 font-display font-semimedium text-base first:mt-0\">Co nas wyr\u00f3\u017cnia?<\/h2><ul class=\"marker:text-quiet list-disc\"><li class=\"py-0 my-0 prose-p:pt-0 prose-p:mb-2 prose-p:my-0 [&amp;&gt;p]:pt-0 [&amp;&gt;p]:mb-2 [&amp;&gt;p]:my-0\"><p class=\"my-2 [&amp;+p]:mt-4 [&amp;_strong:has(+br)]:inline-block [&amp;_strong:has(+br)]:pb-2\"><strong>Wsp\u00f3\u0142tworzenie tre\u015bci<\/strong>\u00a0\u2013 Pisz artyku\u0142y, tw\u00f3rz analizy walk, dziel si\u0119 spostrze\u017ceniami. Twoje teksty mog\u0105 trafi\u0107 na g\u0142\u00f3wn\u0105 stron\u0119 fightnews.pl<\/p><\/li><li class=\"py-0 my-0 prose-p:pt-0 prose-p:mb-2 prose-p:my-0 [&amp;&gt;p]:pt-0 [&amp;&gt;p]:mb-2 [&amp;&gt;p]:my-0\"><p class=\"my-2 [&amp;+p]:mt-4 [&amp;_strong:has(+br)]:inline-block [&amp;_strong:has(+br)]:pb-2\"><strong>Ekskluzywne materia\u0142y<\/strong>\u00a0\u2013 Dost\u0119p do wywiad\u00f3w, treningowych wideo i analiz technicznych niedost\u0119pnych nigdzie indziej<\/p><\/li><li class=\"py-0 my-0 prose-p:pt-0 prose-p:mb-2 prose-p:my-0 [&amp;&gt;p]:pt-0 [&amp;&gt;p]:mb-2 [&amp;&gt;p]:my-0\"><p class=\"my-2 [&amp;+p]:mt-4 [&amp;_strong:has(+br)]:inline-block [&amp;_strong:has(+br)]:pb-2\"><strong>Spo\u0142eczno\u015b\u0107 ekspert\u00f3w<\/strong>\u00a0\u2013 Dyskutuj z innymi fanami, zawodnikami i trenerami w dedykowanych grupach tematycznych<\/p><\/li><li class=\"py-0 my-0 prose-p:pt-0 prose-p:mb-2 prose-p:my-0 [&amp;&gt;p]:pt-0 [&amp;&gt;p]:mb-2 [&amp;&gt;p]:my-0\"><p class=\"my-2 [&amp;+p]:mt-4 [&amp;_strong:has(+br)]:inline-block [&amp;_strong:has(+br)]:pb-2\"><strong>System wyzwa\u0144<\/strong>\u00a0\u2013 Zdobywaj odznaki i punkty za aktywno\u015b\u0107, uczestnicz w typerach i konkursach z nagrodami<\/p><\/li><\/ul><h2 class=\"mb-2 mt-4 font-display font-semimedium text-base first:mt-0\">Dla kogo jest Strefa Fana?<\/h2><p class=\"my-2 [&amp;+p]:mt-4 [&amp;_strong:has(+br)]:inline-block [&amp;_strong:has(+br)]:pb-2\">Dla ka\u017cdego, kto kocha sporty walki \u2013 od casualowego kibica po hardkorowego fana, od pocz\u0105tkuj\u0105cego trenera po by\u0142ego zawodnika. Je\u015bli masz co\u015b do powiedzenia, miejsce dla Ciebie ju\u017c czeka.<\/p><p class=\"my-2 [&amp;+p]:mt-4 [&amp;_strong:has(+br)]:inline-block [&amp;_strong:has(+br)]:pb-2\">Portal fightnews.pl ro\u015bnie dzi\u0119ki Wam. To w\u0142a\u015bnie Wasze zaanga\u017cowanie, komentarze i spostrze\u017cenia sprawiaj\u0105, \u017ce tworzymy najlepsze \u017ar\u00f3d\u0142o informacji o \u015bwiecie sport\u00f3w walki w Polsce.<\/p><p class=\"my-2 [&amp;+p]:mt-4 [&amp;_strong:has(+br)]:inline-block [&amp;_strong:has(+br)]:pb-2\"><strong>Zach\u0119camy do \u015bledzenia naszego portalu i rejestracji w Strefie Fana. Razem budujemy co\u015b wi\u0119cej ni\u017c serwis \u2013 tworzymy prawdziw\u0105 spo\u0142eczno\u015b\u0107.<\/strong><\/p>\t\t\t\t\t\t\t\t<\/div>\n\t\t\t\t\t<\/div>\n\t\t\t\t<\/div>\n\t\t\t\t<\/div>\n\t\t","protected":false},"excerpt":{"rendered":"<p>Strefa Fana Strefa Fana to wi\u0119cej ni\u017c kolejna sekcja na naszym portalu. To przestrze\u0144, gdzie pasja spotyka si\u0119 z profesjonalizmem, a g\u0142os ka\u017cdego kibica zyskuje realne znaczenie. Tworzymy miejsce, w [&hellip;]<\/p>\n","protected":false},"author":1,"featured_media":0,"parent":0,"menu_order":0,"comment_status":"closed","ping_status":"closed","template":"","meta":{"site-sidebar-layout":"no-sidebar","site-content-layout":"","ast-site-content-layout":"full-width-container","site-content-style":"default","site-sidebar-style":"default","ast-global-header-display":"","ast-banner-title-visibility":"","ast-main-header-display":"","ast-hfb-above-header-display":"","ast-hfb-below-header-display":"","ast-hfb-mobile-header-display":"","site-post-title":"disabled","ast-breadcrumbs-content":"","ast-featured-img":"disabled","footer-sml-layout":"","ast-disable-related-posts":"","theme-transparent-header-meta":"","adv-header-id-meta":"","stick-header-meta":"","header-above-stick-meta":"","header-main-stick-meta":"","header-below-stick-meta":"","astra-migrate-meta-layouts":"default","ast-page-background-enabled":"default","ast-page-background-meta":{"desktop":{"background-color":"var(--ast-global-color-5)","background-image":"","background-repeat":"repeat","background-position":"center center","background-size":"auto","background-attachment":"scroll","background-type":"","background-media":"","overlay-type":"","overlay-color":"","overlay-opacity":"","overlay-gradient":""},"tablet":{"background-color":"","background-image":"","background-repeat":"repeat","background-position":"center center","background-size":"auto","background-attachment":"scroll","background-type":"","background-media":"","overlay-type":"","overlay-color":"","overlay-opacity":"","overlay-gradient":""},"mobile":{"background-color":"","background-image":"","background-repeat":"repeat","background-position":"center center","background-size":"auto","background-attachment":"scroll","background-type":"","background-media":"","overlay-type":"","overlay-color":"","overlay-opacity":"","overlay-gradient":""}},"ast-content-background-meta":{"desktop":{"background-color":"var(--ast-global-color-4)","background-image":"","background-repeat":"repeat","background-position":"center center","background-size":"auto","background-attachment":"scroll","background-type":"","background-media":"","overlay-type":"","overlay-color":"","overlay-opacity":"","overlay-gradient":""},"tablet":{"background-color":"var(--ast-global-color-4)","background-image":"","background-repeat":"repeat","background-position":"center center","background-size":"auto","background-attachment":"scroll","background-type":"","background-media":"","overlay-type":"","overlay-color":"","overlay-opacity":"","overlay-gradient":""},"mobile":{"background-color":"var(--ast-global-color-4)","background-image":"","background-repeat":"repeat","background-position":"center center","background-size":"auto","background-attachment":"scroll","background-type":"","background-media":"","overlay-type":"","overlay-color":"","overlay-opacity":"","overlay-gradient":""}},"footnotes":""},"class_list":["post-202","page","type-page","status-publish","hentry"],"_links":{"self":[{"href":"https:\/\/fightnews.bestin.media\/index.php\/wp-json\/wp\/v2\/pages\/202","targetHints":{"allow":["GET"]}}],"collection":[{"href":"https:\/\/fightnews.bestin.media\/index.php\/wp-json\/wp\/v2\/pages"}],"about":[{"href":"https:\/\/fightnews.bestin.media\/index.php\/wp-json\/wp\/v2\/types\/page"}],"author":[{"embeddable":true,"href":"https:\/\/fightnews.bestin.media\/index.php\/wp-json\/wp\/v2\/users\/1"}],"replies":[{"embeddable":true,"href":"https:\/\/fightnews.bestin.media\/index.php\/wp-json\/wp\/v2\/comments?post=202"}],"version-history":[{"count":6,"href":"https:\/\/fightnews.bestin.media\/index.php\/wp-json\/wp\/v2\/pages\/202\/revisions"}],"predecessor-version":[{"id":208,"href":"https:\/\/fightnews.bestin.media\/index.php\/wp-json\/wp\/v2\/pages\/202\/revisions\/208"}],"wp:attachment":[{"href":"https:\/\/fightnews.bestin.media\/index.php\/wp-json\/wp\/v2\/media?parent=202"}],"curies":[{"name":"wp","href":"https:\/\/api.w.org\/{rel}","templated":true}]}}