{"id":122,"date":"2025-12-22T10:27:11","date_gmt":"2025-12-22T10:27:11","guid":{"rendered":"https:\/\/fightnews.bestin.media\/?page_id=122"},"modified":"2025-12-22T10:27:44","modified_gmt":"2025-12-22T10:27:44","slug":"regulamin","status":"publish","type":"page","link":"https:\/\/fightnews.bestin.media\/index.php\/regulamin\/","title":{"rendered":"Regulamin"},"content":{"rendered":"\t\t<div data-elementor-type=\"wp-page\" data-elementor-id=\"122\" class=\"elementor elementor-122\" data-elementor-post-type=\"page\">\n\t\t\t\t<div class=\"elementor-element elementor-element-409eb68 e-flex e-con-boxed e-con e-parent\" data-id=\"409eb68\" data-element_type=\"container\">\n\t\t\t\t\t<div class=\"e-con-inner\">\n\t\t\t\t<div class=\"elementor-element elementor-element-c8ef6e4 elementor-widget elementor-widget-heading\" data-id=\"c8ef6e4\" data-element_type=\"widget\" data-widget_type=\"heading.default\">\n\t\t\t\t\t<h2 class=\"elementor-heading-title elementor-size-default\">REGULAMIN SERWISU FIGHTNEWS\n<\/h2>\t\t\t\t<\/div>\n\t\t\t\t\t<\/div>\n\t\t\t\t<\/div>\n\t\t<div class=\"elementor-element elementor-element-49bba81 e-flex e-con-boxed e-con e-parent\" data-id=\"49bba81\" data-element_type=\"container\">\n\t\t\t\t\t<div class=\"e-con-inner\">\n\t\t\t\t<div class=\"elementor-element elementor-element-54df0e8 elementor-widget elementor-widget-text-editor\" data-id=\"54df0e8\" data-element_type=\"widget\" data-widget_type=\"text-editor.default\">\n\t\t\t\t\t\t\t\t\t<p>\u00a71 Postanowienia og\u00f3lne<br \/>1. Niniejszy Regulamin okre\u015bla zasady korzystania z serwisu internetowego FightNews.<br \/>2. W\u0142a\u015bcicielem i administratorem serwisu jest w\u0142a\u015bciciel marki FightNews.<br \/>3. Serwis ma charakter informacyjno-publicystyczny i jest dost\u0119pny bezp\u0142atnie.<\/p><p>\u00a72 Charakter serwisu<br \/>1. FightNews publikuje tre\u015bci o charakterze informacyjnym, sportowym i publicystycznym.<br \/>2. Tre\u015bci publikowane w serwisie maj\u0105 charakter informacyjny i nie stanowi\u0105 porad ani rekomendacji.<br \/>3. Administrator nie ponosi odpowiedzialno\u015bci za decyzje podj\u0119te na podstawie tre\u015bci zamieszczonych w serwisie.<\/p><p>\u00a73 Prawa autorskie<br \/>1. Wszystkie materia\u0142y zamieszczone w serwisie, w tym teksty, grafiki, logo oraz uk\u0142ad strony, podlegaj\u0105 ochronie prawnej.<br \/>2. Kopiowanie, rozpowszechnianie lub wykorzystywanie tre\u015bci bez zgody Administratora jest zabronione.<br \/>3. Cytowanie tre\u015bci jest dozwolone wy\u0142\u0105cznie z podaniem \u017ar\u00f3d\u0142a.<\/p><p>\u00a74 Odpowiedzialno\u015b\u0107<br \/>1. Administrator dok\u0142ada stara\u0144, aby tre\u015bci by\u0142y aktualne i rzetelne, jednak nie gwarantuje ich kompletno\u015bci.<br \/>2. Administrator nie odpowiada za przerwy w dzia\u0142aniu serwisu spowodowane czynnikami technicznymi.<br \/>3. Serwis mo\u017ce zawiera\u0107 linki do stron zewn\u0119trznych, za kt\u00f3rych tre\u015bci Administrator nie odpowiada.<\/p><p>\u00a75 Zasady korzystania<br \/>1. U\u017cytkownik zobowi\u0105zany jest do korzystania z serwisu zgodnie z obowi\u0105zuj\u0105cym prawem.<br \/>2. Zabronione jest dostarczanie tre\u015bci bezprawnych lub naruszaj\u0105cych dobre obyczaje.<br \/>3. Administrator zastrzega sobie prawo do usuwania tre\u015bci naruszaj\u0105cych Regulamin.<\/p><p>\u00a76 Dane osobowe<br \/>1. Zasady przetwarzania danych osobowych okre\u015bla Polityka Prywatno\u015bci serwisu FightNews.<br \/>2. Korzystanie z serwisu oznacza akceptacj\u0119 Polityki Prywatno\u015bci.<\/p><p>\u00a77 Zmiany regulaminu<br \/>1. Administrator zastrzega sobie prawo do zmiany Regulaminu.<br \/>2. Zmiany wchodz\u0105 w \u017cycie z chwil\u0105 ich opublikowania w serwisie.<\/p><p>\u00a78 Postanowienia ko\u0144cowe<br \/>1. Regulamin obowi\u0105zuje od dnia publikacji na stronie FightNews.<br \/>2. W sprawach nieuregulowanych Regulaminem zastosowanie maj\u0105 przepisy prawa polskiego.<\/p>\t\t\t\t\t\t\t\t<\/div>\n\t\t\t\t\t<\/div>\n\t\t\t\t<\/div>\n\t\t\t\t<\/div>\n\t\t","protected":false},"excerpt":{"rendered":"<p>REGULAMIN SERWISU FIGHTNEWS \u00a71 Postanowienia og\u00f3lne1. Niniejszy Regulamin okre\u015bla zasady korzystania z serwisu internetowego FightNews.2. W\u0142a\u015bcicielem i administratorem serwisu jest w\u0142a\u015bciciel marki FightNews.3. Serwis ma charakter informacyjno-publicystyczny i jest dost\u0119pny [&hellip;]<\/p>\n","protected":false},"author":1,"featured_media":0,"parent":0,"menu_order":0,"comment_status":"closed","ping_status":"closed","template":"","meta":{"site-sidebar-layout":"no-sidebar","site-content-layout":"","ast-site-content-layout":"full-width-container","site-content-style":"default","site-sidebar-style":"default","ast-global-header-display":"","ast-banner-title-visibility":"","ast-main-header-display":"","ast-hfb-above-header-display":"","ast-hfb-below-header-display":"","ast-hfb-mobile-header-display":"","site-post-title":"disabled","ast-breadcrumbs-content":"","ast-featured-img":"disabled","footer-sml-layout":"","ast-disable-related-posts":"","theme-transparent-header-meta":"","adv-header-id-meta":"","stick-header-meta":"","header-above-stick-meta":"","header-main-stick-meta":"","header-below-stick-meta":"","astra-migrate-meta-layouts":"default","ast-page-background-enabled":"default","ast-page-background-meta":{"desktop":{"background-color":"var(--ast-global-color-5)","background-image":"","background-repeat":"repeat","background-position":"center center","background-size":"auto","background-attachment":"scroll","background-type":"","background-media":"","overlay-type":"","overlay-color":"","overlay-opacity":"","overlay-gradient":""},"tablet":{"background-color":"","background-image":"","background-repeat":"repeat","background-position":"center center","background-size":"auto","background-attachment":"scroll","background-type":"","background-media":"","overlay-type":"","overlay-color":"","overlay-opacity":"","overlay-gradient":""},"mobile":{"background-color":"","background-image":"","background-repeat":"repeat","background-position":"center center","background-size":"auto","background-attachment":"scroll","background-type":"","background-media":"","overlay-type":"","overlay-color":"","overlay-opacity":"","overlay-gradient":""}},"ast-content-background-meta":{"desktop":{"background-color":"var(--ast-global-color-4)","background-image":"","background-repeat":"repeat","background-position":"center center","background-size":"auto","background-attachment":"scroll","background-type":"","background-media":"","overlay-type":"","overlay-color":"","overlay-opacity":"","overlay-gradient":""},"tablet":{"background-color":"var(--ast-global-color-4)","background-image":"","background-repeat":"repeat","background-position":"center center","background-size":"auto","background-attachment":"scroll","background-type":"","background-media":"","overlay-type":"","overlay-color":"","overlay-opacity":"","overlay-gradient":""},"mobile":{"background-color":"var(--ast-global-color-4)","background-image":"","background-repeat":"repeat","background-position":"center center","background-size":"auto","background-attachment":"scroll","background-type":"","background-media":"","overlay-type":"","overlay-color":"","overlay-opacity":"","overlay-gradient":""}},"footnotes":""},"class_list":["post-122","page","type-page","status-publish","hentry"],"_links":{"self":[{"href":"https:\/\/fightnews.bestin.media\/index.php\/wp-json\/wp\/v2\/pages\/122","targetHints":{"allow":["GET"]}}],"collection":[{"href":"https:\/\/fightnews.bestin.media\/index.php\/wp-json\/wp\/v2\/pages"}],"about":[{"href":"https:\/\/fightnews.bestin.media\/index.php\/wp-json\/wp\/v2\/types\/page"}],"author":[{"embeddable":true,"href":"https:\/\/fightnews.bestin.media\/index.php\/wp-json\/wp\/v2\/users\/1"}],"replies":[{"embeddable":true,"href":"https:\/\/fightnews.bestin.media\/index.php\/wp-json\/wp\/v2\/comments?post=122"}],"version-history":[{"count":3,"href":"https:\/\/fightnews.bestin.media\/index.php\/wp-json\/wp\/v2\/pages\/122\/revisions"}],"predecessor-version":[{"id":125,"href":"https:\/\/fightnews.bestin.media\/index.php\/wp-json\/wp\/v2\/pages\/122\/revisions\/125"}],"wp:attachment":[{"href":"https:\/\/fightnews.bestin.media\/index.php\/wp-json\/wp\/v2\/media?parent=122"}],"curies":[{"name":"wp","href":"https:\/\/api.w.org\/{rel}","templated":true}]}}